{"id":5797,"date":"2025-03-28T11:40:35","date_gmt":"2025-03-28T10:40:35","guid":{"rendered":"https:\/\/timgad.com\/?page_id=5797"},"modified":"2026-02-16T11:59:15","modified_gmt":"2026-02-16T10:59:15","slug":"convocatories-de-juntes","status":"publish","type":"page","link":"https:\/\/timgad.com\/ca\/convocatories-de-juntes\/","title":{"rendered":"Convocat\u00f2ries de Juntes"},"content":{"rendered":"<div class=\"fusion-fullwidth fullwidth-box fusion-builder-row-1 fusion-flex-container has-pattern-background has-mask-background nonhundred-percent-fullwidth non-hundred-percent-height-scrolling\" style=\"--awb-border-radius-top-left:0px;--awb-border-radius-top-right:0px;--awb-border-radius-bottom-right:0px;--awb-border-radius-bottom-left:0px;--awb-margin-top:30px;--awb-margin-bottom:100px;--awb-flex-wrap:wrap;\" ><div class=\"fusion-builder-row fusion-row fusion-flex-align-items-center fusion-flex-content-wrap\" style=\"max-width:1300px;margin-left: calc(-4% \/ 2 );margin-right: calc(-4% \/ 2 );\"><div class=\"fusion-layout-column fusion_builder_column fusion-builder-column-0 fusion_builder_column_1_3 1_3 fusion-flex-column\" style=\"--awb-bg-size:cover;--awb-width-large:33.333333333333%;--awb-margin-top-large:0px;--awb-spacing-right-large:5.76%;--awb-margin-bottom-large:20px;--awb-spacing-left-large:5.76%;--awb-width-medium:33.333333333333%;--awb-order-medium:0;--awb-spacing-right-medium:5.76%;--awb-spacing-left-medium:5.76%;--awb-width-small:100%;--awb-order-small:0;--awb-spacing-right-small:1.92%;--awb-spacing-left-small:1.92%;\"><div class=\"fusion-column-wrapper fusion-column-has-shadow fusion-flex-justify-content-flex-start fusion-content-layout-column\"><div class=\"fusion-image-element \" style=\"text-align:center;--awb-caption-title-font-family:var(--h2_typography-font-family);--awb-caption-title-font-weight:var(--h2_typography-font-weight);--awb-caption-title-font-style:var(--h2_typography-font-style);--awb-caption-title-size:var(--h2_typography-font-size);--awb-caption-title-transform:var(--h2_typography-text-transform);--awb-caption-title-line-height:var(--h2_typography-line-height);--awb-caption-title-letter-spacing:var(--h2_typography-letter-spacing);\"><span class=\" fusion-imageframe imageframe-none imageframe-1 hover-type-none\"><img decoding=\"async\" width=\"473\" height=\"333\" alt=\"Convocat\u00f2ries de Juntes\" title=\"Convocat\u00f2ries de Juntes\" src=\"https:\/\/timgad.com\/wp-content\/uploads\/convocatoria-junta.webp\" class=\"img-responsive wp-image-5794\" srcset=\"https:\/\/timgad.com\/wp-content\/uploads\/convocatoria-junta-200x141.webp 200w, https:\/\/timgad.com\/wp-content\/uploads\/convocatoria-junta-400x282.webp 400w, https:\/\/timgad.com\/wp-content\/uploads\/convocatoria-junta.webp 473w\" sizes=\"(max-width: 640px) 100vw, 400px\" \/><\/span><\/div><\/div><\/div><div class=\"fusion-layout-column fusion_builder_column fusion-builder-column-1 fusion_builder_column_2_3 2_3 fusion-flex-column\" style=\"--awb-bg-size:cover;--awb-width-large:66.666666666667%;--awb-margin-top-large:0px;--awb-spacing-right-large:2.88%;--awb-margin-bottom-large:20px;--awb-spacing-left-large:2.88%;--awb-width-medium:66.666666666667%;--awb-order-medium:0;--awb-spacing-right-medium:2.88%;--awb-spacing-left-medium:2.88%;--awb-width-small:100%;--awb-order-small:0;--awb-spacing-right-small:1.92%;--awb-spacing-left-small:1.92%;\"><div class=\"fusion-column-wrapper fusion-column-has-shadow fusion-flex-justify-content-flex-start fusion-content-layout-column\"><div class=\"fusion-title title fusion-title-1 fusion-sep-none fusion-title-text fusion-title-size-two\" style=\"--awb-margin-top-small:10px;--awb-margin-right-small:0px;--awb-margin-bottom-small:10px;--awb-margin-left-small:0px;\"><h2 class=\"fusion-title-heading title-heading-left\" style=\"margin:0;\">Convocat\u00f2ria 2025<\/h2><\/div><div ><a class=\"fusion-button button-flat fusion-button-default-size button-default fusion-button-default button-1 fusion-button-default-span fusion-button-default-type\" target=\"_blank\" rel=\"noopener noreferrer\" href=\"\/pdf\/Carta-timgad.pdf\"><i class=\"fa-file-download fas awb-button__icon awb-button__icon--default button-icon-left\" aria-hidden=\"true\"><\/i><span class=\"fusion-button-text awb-button__text awb-button__text--default\">Descarregar acta<\/span><\/a><\/div><\/div><\/div><\/div><\/div>\n","protected":false},"excerpt":{"rendered":"","protected":false},"author":1,"featured_media":3911,"parent":0,"menu_order":0,"comment_status":"closed","ping_status":"closed","template":"","meta":{"footnotes":""},"class_list":["post-5797","page","type-page","status-publish","has-post-thumbnail","hentry"],"yoast_head":"<!-- This site is optimized with the Yoast SEO plugin v27.3 - https:\/\/yoast.com\/product\/yoast-seo-wordpress\/ -->\n<title>Convocat\u00f2ries de Juntes - Palets y embalajes de madera a medida TIMGAD<\/title>\n<meta name=\"robots\" content=\"index, follow, max-snippet:-1, max-image-preview:large, max-video-preview:-1\" \/>\n<link rel=\"canonical\" href=\"https:\/\/timgad.com\/ca\/convocatories-de-juntes\/\" \/>\n<meta property=\"og:locale\" content=\"ca_ES\" \/>\n<meta property=\"og:type\" content=\"article\" \/>\n<meta property=\"og:title\" content=\"Convocat\u00f2ries de Juntes - Palets y embalajes de madera a medida TIMGAD\" \/>\n<meta property=\"og:url\" content=\"https:\/\/timgad.com\/ca\/convocatories-de-juntes\/\" \/>\n<meta property=\"og:site_name\" content=\"Palets y embalajes de madera a medida TIMGAD\" \/>\n<meta property=\"article:modified_time\" content=\"2026-02-16T10:59:15+00:00\" \/>\n<meta property=\"og:image\" content=\"https:\/\/timgad.com\/wp-content\/uploads\/servicios-palets.webp\" \/>\n\t<meta property=\"og:image:width\" content=\"509\" \/>\n\t<meta property=\"og:image:height\" content=\"250\" \/>\n\t<meta property=\"og:image:type\" content=\"image\/webp\" \/>\n<meta name=\"twitter:card\" content=\"summary_large_image\" \/>\n<meta name=\"twitter:label1\" content=\"Temps estimat de lectura\" \/>\n\t<meta name=\"twitter:data1\" content=\"1 minute\" \/>\n<script type=\"application\/ld+json\" class=\"yoast-schema-graph\">{\"@context\":\"https:\\\/\\\/schema.org\",\"@graph\":[{\"@type\":\"WebPage\",\"@id\":\"https:\\\/\\\/timgad.com\\\/ca\\\/convocatories-de-juntes\\\/\",\"url\":\"https:\\\/\\\/timgad.com\\\/ca\\\/convocatories-de-juntes\\\/\",\"name\":\"Convocat\u00f2ries de Juntes - Palets y embalajes de madera a medida TIMGAD\",\"isPartOf\":{\"@id\":\"https:\\\/\\\/timgad.com\\\/ca\\\/#website\"},\"primaryImageOfPage\":{\"@id\":\"https:\\\/\\\/timgad.com\\\/ca\\\/convocatories-de-juntes\\\/#primaryimage\"},\"image\":{\"@id\":\"https:\\\/\\\/timgad.com\\\/ca\\\/convocatories-de-juntes\\\/#primaryimage\"},\"thumbnailUrl\":\"https:\\\/\\\/timgad.com\\\/wp-content\\\/uploads\\\/servicios-palets.webp\",\"datePublished\":\"2025-03-28T10:40:35+00:00\",\"dateModified\":\"2026-02-16T10:59:15+00:00\",\"breadcrumb\":{\"@id\":\"https:\\\/\\\/timgad.com\\\/ca\\\/convocatories-de-juntes\\\/#breadcrumb\"},\"inLanguage\":\"ca\",\"potentialAction\":[{\"@type\":\"ReadAction\",\"target\":[\"https:\\\/\\\/timgad.com\\\/ca\\\/convocatories-de-juntes\\\/\"]}]},{\"@type\":\"ImageObject\",\"inLanguage\":\"ca\",\"@id\":\"https:\\\/\\\/timgad.com\\\/ca\\\/convocatories-de-juntes\\\/#primaryimage\",\"url\":\"https:\\\/\\\/timgad.com\\\/wp-content\\\/uploads\\\/servicios-palets.webp\",\"contentUrl\":\"https:\\\/\\\/timgad.com\\\/wp-content\\\/uploads\\\/servicios-palets.webp\",\"width\":509,\"height\":250,\"caption\":\"Palets y embalajes de madera a medida TIMGAD\"},{\"@type\":\"BreadcrumbList\",\"@id\":\"https:\\\/\\\/timgad.com\\\/ca\\\/convocatories-de-juntes\\\/#breadcrumb\",\"itemListElement\":[{\"@type\":\"ListItem\",\"position\":1,\"name\":\"Portada\",\"item\":\"https:\\\/\\\/timgad.com\\\/ca\\\/\"},{\"@type\":\"ListItem\",\"position\":2,\"name\":\"Convocat\u00f2ries de Juntes\"}]},{\"@type\":\"WebSite\",\"@id\":\"https:\\\/\\\/timgad.com\\\/ca\\\/#website\",\"url\":\"https:\\\/\\\/timgad.com\\\/ca\\\/\",\"name\":\"Palets y embalajes de madera a medida TIMGAD\",\"description\":\"Podemos asegurarle que en Timgad encontrar\u00e1 la soluci\u00f3n de equipamiento de palets y embalajes de madera que est\u00e1 buscando su empresa.\",\"publisher\":{\"@id\":\"https:\\\/\\\/timgad.com\\\/ca\\\/#organization\"},\"potentialAction\":[{\"@type\":\"SearchAction\",\"target\":{\"@type\":\"EntryPoint\",\"urlTemplate\":\"https:\\\/\\\/timgad.com\\\/ca\\\/?s={search_term_string}\"},\"query-input\":{\"@type\":\"PropertyValueSpecification\",\"valueRequired\":true,\"valueName\":\"search_term_string\"}}],\"inLanguage\":\"ca\"},{\"@type\":\"Organization\",\"@id\":\"https:\\\/\\\/timgad.com\\\/ca\\\/#organization\",\"name\":\"Timgad, S.A.\",\"url\":\"https:\\\/\\\/timgad.com\\\/ca\\\/\",\"logo\":{\"@type\":\"ImageObject\",\"inLanguage\":\"ca\",\"@id\":\"https:\\\/\\\/timgad.com\\\/ca\\\/#\\\/schema\\\/logo\\\/image\\\/\",\"url\":\"https:\\\/\\\/timgad.com\\\/wp-content\\\/uploads\\\/35-anys-timgad-footer.webp\",\"contentUrl\":\"https:\\\/\\\/timgad.com\\\/wp-content\\\/uploads\\\/35-anys-timgad-footer.webp\",\"width\":351,\"height\":115,\"caption\":\"Timgad, S.A.\"},\"image\":{\"@id\":\"https:\\\/\\\/timgad.com\\\/ca\\\/#\\\/schema\\\/logo\\\/image\\\/\"}}]}<\/script>\n<!-- \/ Yoast SEO plugin. -->","yoast_head_json":{"title":"Convocat\u00f2ries de Juntes - Palets y embalajes de madera a medida TIMGAD","robots":{"index":"index","follow":"follow","max-snippet":"max-snippet:-1","max-image-preview":"max-image-preview:large","max-video-preview":"max-video-preview:-1"},"canonical":"https:\/\/timgad.com\/ca\/convocatories-de-juntes\/","og_locale":"ca_ES","og_type":"article","og_title":"Convocat\u00f2ries de Juntes - Palets y embalajes de madera a medida TIMGAD","og_url":"https:\/\/timgad.com\/ca\/convocatories-de-juntes\/","og_site_name":"Palets y embalajes de madera a medida TIMGAD","article_modified_time":"2026-02-16T10:59:15+00:00","og_image":[{"width":509,"height":250,"url":"https:\/\/timgad.com\/wp-content\/uploads\/servicios-palets.webp","type":"image\/webp"}],"twitter_card":"summary_large_image","twitter_misc":{"Temps estimat de lectura":"1 minute"},"schema":{"@context":"https:\/\/schema.org","@graph":[{"@type":"WebPage","@id":"https:\/\/timgad.com\/ca\/convocatories-de-juntes\/","url":"https:\/\/timgad.com\/ca\/convocatories-de-juntes\/","name":"Convocat\u00f2ries de Juntes - Palets y embalajes de madera a medida TIMGAD","isPartOf":{"@id":"https:\/\/timgad.com\/ca\/#website"},"primaryImageOfPage":{"@id":"https:\/\/timgad.com\/ca\/convocatories-de-juntes\/#primaryimage"},"image":{"@id":"https:\/\/timgad.com\/ca\/convocatories-de-juntes\/#primaryimage"},"thumbnailUrl":"https:\/\/timgad.com\/wp-content\/uploads\/servicios-palets.webp","datePublished":"2025-03-28T10:40:35+00:00","dateModified":"2026-02-16T10:59:15+00:00","breadcrumb":{"@id":"https:\/\/timgad.com\/ca\/convocatories-de-juntes\/#breadcrumb"},"inLanguage":"ca","potentialAction":[{"@type":"ReadAction","target":["https:\/\/timgad.com\/ca\/convocatories-de-juntes\/"]}]},{"@type":"ImageObject","inLanguage":"ca","@id":"https:\/\/timgad.com\/ca\/convocatories-de-juntes\/#primaryimage","url":"https:\/\/timgad.com\/wp-content\/uploads\/servicios-palets.webp","contentUrl":"https:\/\/timgad.com\/wp-content\/uploads\/servicios-palets.webp","width":509,"height":250,"caption":"Palets y embalajes de madera a medida TIMGAD"},{"@type":"BreadcrumbList","@id":"https:\/\/timgad.com\/ca\/convocatories-de-juntes\/#breadcrumb","itemListElement":[{"@type":"ListItem","position":1,"name":"Portada","item":"https:\/\/timgad.com\/ca\/"},{"@type":"ListItem","position":2,"name":"Convocat\u00f2ries de Juntes"}]},{"@type":"WebSite","@id":"https:\/\/timgad.com\/ca\/#website","url":"https:\/\/timgad.com\/ca\/","name":"Palets y embalajes de madera a medida TIMGAD","description":"Podemos asegurarle que en Timgad encontrar\u00e1 la soluci\u00f3n de equipamiento de palets y embalajes de madera que est\u00e1 buscando su empresa.","publisher":{"@id":"https:\/\/timgad.com\/ca\/#organization"},"potentialAction":[{"@type":"SearchAction","target":{"@type":"EntryPoint","urlTemplate":"https:\/\/timgad.com\/ca\/?s={search_term_string}"},"query-input":{"@type":"PropertyValueSpecification","valueRequired":true,"valueName":"search_term_string"}}],"inLanguage":"ca"},{"@type":"Organization","@id":"https:\/\/timgad.com\/ca\/#organization","name":"Timgad, S.A.","url":"https:\/\/timgad.com\/ca\/","logo":{"@type":"ImageObject","inLanguage":"ca","@id":"https:\/\/timgad.com\/ca\/#\/schema\/logo\/image\/","url":"https:\/\/timgad.com\/wp-content\/uploads\/35-anys-timgad-footer.webp","contentUrl":"https:\/\/timgad.com\/wp-content\/uploads\/35-anys-timgad-footer.webp","width":351,"height":115,"caption":"Timgad, S.A."},"image":{"@id":"https:\/\/timgad.com\/ca\/#\/schema\/logo\/image\/"}}]}},"_links":{"self":[{"href":"https:\/\/timgad.com\/ca\/wp-json\/wp\/v2\/pages\/5797","targetHints":{"allow":["GET"]}}],"collection":[{"href":"https:\/\/timgad.com\/ca\/wp-json\/wp\/v2\/pages"}],"about":[{"href":"https:\/\/timgad.com\/ca\/wp-json\/wp\/v2\/types\/page"}],"author":[{"embeddable":true,"href":"https:\/\/timgad.com\/ca\/wp-json\/wp\/v2\/users\/1"}],"replies":[{"embeddable":true,"href":"https:\/\/timgad.com\/ca\/wp-json\/wp\/v2\/comments?post=5797"}],"version-history":[{"count":5,"href":"https:\/\/timgad.com\/ca\/wp-json\/wp\/v2\/pages\/5797\/revisions"}],"predecessor-version":[{"id":5953,"href":"https:\/\/timgad.com\/ca\/wp-json\/wp\/v2\/pages\/5797\/revisions\/5953"}],"wp:featuredmedia":[{"embeddable":true,"href":"https:\/\/timgad.com\/ca\/wp-json\/wp\/v2\/media\/3911"}],"wp:attachment":[{"href":"https:\/\/timgad.com\/ca\/wp-json\/wp\/v2\/media?parent=5797"}],"curies":[{"name":"wp","href":"https:\/\/api.w.org\/{rel}","templated":true}]}}