{"id":5802,"date":"2025-03-04T11:51:08","date_gmt":"2025-03-04T10:51:08","guid":{"rendered":"https:\/\/timgad.com\/?page_id=5802"},"modified":"2025-03-28T12:17:23","modified_gmt":"2025-03-28T11:17:23","slug":"login","status":"publish","type":"page","link":"https:\/\/timgad.com\/ca\/login\/","title":{"rendered":"Login"},"content":{"rendered":"<div class=\"fusion-fullwidth fullwidth-box fusion-builder-row-1 fusion-flex-container has-pattern-background has-mask-background nonhundred-percent-fullwidth non-hundred-percent-height-scrolling\" style=\"--awb-border-radius-top-left:0px;--awb-border-radius-top-right:0px;--awb-border-radius-bottom-right:0px;--awb-border-radius-bottom-left:0px;--awb-flex-wrap:wrap;\" ><div class=\"fusion-builder-row fusion-row fusion-flex-align-items-flex-start fusion-flex-justify-content-center fusion-flex-content-wrap\" style=\"max-width:1300px;margin-left: calc(-4% \/ 2 );margin-right: calc(-4% \/ 2 );\"><div class=\"fusion-layout-column fusion_builder_column fusion-builder-column-0 fusion_builder_column_1_2 1_2 fusion-flex-column\" style=\"--awb-bg-size:cover;--awb-width-large:50%;--awb-margin-top-large:0px;--awb-spacing-right-large:3.84%;--awb-margin-bottom-large:20px;--awb-spacing-left-large:3.84%;--awb-width-medium:50%;--awb-order-medium:0;--awb-spacing-right-medium:3.84%;--awb-spacing-left-medium:3.84%;--awb-width-small:100%;--awb-order-small:0;--awb-spacing-right-small:1.92%;--awb-spacing-left-small:1.92%;\"><div class=\"fusion-column-wrapper fusion-column-has-shadow fusion-flex-justify-content-flex-start fusion-content-layout-column\"><div class=\"fusion-login-box fusion-login-box-1 fusion-login-box-login fusion-login-align-center fusion-login-field-layout-stacked\" style=\"--awb-form-background-color:var(--awb-color2);\"><h3 class=\"fusion-login-heading\">Acc\u00e9s a la zona privada<\/h3><div class=\"fusion-login-caption\">Introdu\u00efu el vostre usuari i contrasenya<\/div><form class=\"fusion-login-form\" name=\"loginform\" id=\"loginform\" method=\"post\" action=\"https:\/\/timgad.com\/ca\/gestorqs\/\"><div class=\"fusion-login-fields\"><div class=\"fusion-login-input-wrapper\"><label class=\"fusion-hidden-content\" for=\"user_login-1\">Username or Email<\/label><input type=\"text\" name=\"log\" placeholder=\"Username or Email\" value=\"\" size=\"20\" class=\"fusion-login-username input-text\" id=\"user_login-1\" \/><\/div><div class=\"fusion-login-input-wrapper\"><label class=\"fusion-hidden-content\" for=\"user_pass-1\">Password<\/label><input type=\"password\" name=\"pwd\" placeholder=\"Password\" value=\"\" size=\"20\" class=\"fusion-login-password input-text\" id=\"user_pass-1\" \/><\/div><\/div><div class=\"fusion-login-additional-content\"><div class=\"fusion-login-submit-wrapper\"><button class=\"fusion-login-button fusion-button button-default fusion-button-default-size fusion-login-button-no-fullwidth\" type=\"submit\" name=\"wp-submit\">Log in<\/button><input type=\"hidden\" name=\"user-cookie\" value=\"1\" \/><input type=\"hidden\" name=\"redirect_to\" value=\"\/ca\/zona-privada\/\" \/><input type=\"hidden\" name=\"fusion_login_box\" value=\"true\" \/><input type=\"hidden\" name=\"_wp_http_referer\" value=\"\/ca\/wp-json\/wp\/v2\/pages\/5802\" \/><span class=\"fusion-login-nonce\" style=\"display:none;\"><\/span><\/div><div class=\"fusion-login-links\"><\/div><\/div><\/form><\/div><\/div><\/div><\/div><\/div>\n","protected":false},"excerpt":{"rendered":"","protected":false},"author":1,"featured_media":0,"parent":0,"menu_order":0,"comment_status":"closed","ping_status":"closed","template":"","meta":{"footnotes":""},"class_list":["post-5802","page","type-page","status-publish","hentry"],"yoast_head":"<!-- This site is optimized with the Yoast SEO plugin v27.3 - https:\/\/yoast.com\/product\/yoast-seo-wordpress\/ -->\n<title>Login - Palets y embalajes de madera a medida TIMGAD<\/title>\n<meta name=\"robots\" content=\"index, follow, max-snippet:-1, max-image-preview:large, max-video-preview:-1\" \/>\n<link rel=\"canonical\" href=\"https:\/\/timgad.com\/ca\/login\/\" \/>\n<meta property=\"og:locale\" content=\"ca_ES\" \/>\n<meta property=\"og:type\" content=\"article\" \/>\n<meta property=\"og:title\" content=\"Login - Palets y embalajes de madera a medida TIMGAD\" \/>\n<meta property=\"og:url\" content=\"https:\/\/timgad.com\/ca\/login\/\" \/>\n<meta property=\"og:site_name\" content=\"Palets y embalajes de madera a medida TIMGAD\" \/>\n<meta property=\"article:modified_time\" content=\"2025-03-28T11:17:23+00:00\" \/>\n<meta name=\"twitter:card\" content=\"summary_large_image\" \/>\n<script type=\"application\/ld+json\" class=\"yoast-schema-graph\">{\"@context\":\"https:\\\/\\\/schema.org\",\"@graph\":[{\"@type\":\"WebPage\",\"@id\":\"https:\\\/\\\/timgad.com\\\/ca\\\/login\\\/\",\"url\":\"https:\\\/\\\/timgad.com\\\/ca\\\/login\\\/\",\"name\":\"Login - Palets y embalajes de madera a medida TIMGAD\",\"isPartOf\":{\"@id\":\"https:\\\/\\\/timgad.com\\\/ca\\\/#website\"},\"datePublished\":\"2025-03-04T10:51:08+00:00\",\"dateModified\":\"2025-03-28T11:17:23+00:00\",\"breadcrumb\":{\"@id\":\"https:\\\/\\\/timgad.com\\\/ca\\\/login\\\/#breadcrumb\"},\"inLanguage\":\"ca\",\"potentialAction\":[{\"@type\":\"ReadAction\",\"target\":[\"https:\\\/\\\/timgad.com\\\/ca\\\/login\\\/\"]}]},{\"@type\":\"BreadcrumbList\",\"@id\":\"https:\\\/\\\/timgad.com\\\/ca\\\/login\\\/#breadcrumb\",\"itemListElement\":[{\"@type\":\"ListItem\",\"position\":1,\"name\":\"Portada\",\"item\":\"https:\\\/\\\/timgad.com\\\/ca\\\/\"},{\"@type\":\"ListItem\",\"position\":2,\"name\":\"Login\"}]},{\"@type\":\"WebSite\",\"@id\":\"https:\\\/\\\/timgad.com\\\/ca\\\/#website\",\"url\":\"https:\\\/\\\/timgad.com\\\/ca\\\/\",\"name\":\"Palets y embalajes de madera a medida TIMGAD\",\"description\":\"Podemos asegurarle que en Timgad encontrar\u00e1 la soluci\u00f3n de equipamiento de palets y embalajes de madera que est\u00e1 buscando su empresa.\",\"publisher\":{\"@id\":\"https:\\\/\\\/timgad.com\\\/ca\\\/#organization\"},\"potentialAction\":[{\"@type\":\"SearchAction\",\"target\":{\"@type\":\"EntryPoint\",\"urlTemplate\":\"https:\\\/\\\/timgad.com\\\/ca\\\/?s={search_term_string}\"},\"query-input\":{\"@type\":\"PropertyValueSpecification\",\"valueRequired\":true,\"valueName\":\"search_term_string\"}}],\"inLanguage\":\"ca\"},{\"@type\":\"Organization\",\"@id\":\"https:\\\/\\\/timgad.com\\\/ca\\\/#organization\",\"name\":\"Timgad, S.A.\",\"url\":\"https:\\\/\\\/timgad.com\\\/ca\\\/\",\"logo\":{\"@type\":\"ImageObject\",\"inLanguage\":\"ca\",\"@id\":\"https:\\\/\\\/timgad.com\\\/ca\\\/#\\\/schema\\\/logo\\\/image\\\/\",\"url\":\"https:\\\/\\\/timgad.com\\\/wp-content\\\/uploads\\\/35-anys-timgad-footer.webp\",\"contentUrl\":\"https:\\\/\\\/timgad.com\\\/wp-content\\\/uploads\\\/35-anys-timgad-footer.webp\",\"width\":351,\"height\":115,\"caption\":\"Timgad, S.A.\"},\"image\":{\"@id\":\"https:\\\/\\\/timgad.com\\\/ca\\\/#\\\/schema\\\/logo\\\/image\\\/\"}}]}<\/script>\n<!-- \/ Yoast SEO plugin. -->","yoast_head_json":{"title":"Login - Palets y embalajes de madera a medida TIMGAD","robots":{"index":"index","follow":"follow","max-snippet":"max-snippet:-1","max-image-preview":"max-image-preview:large","max-video-preview":"max-video-preview:-1"},"canonical":"https:\/\/timgad.com\/ca\/login\/","og_locale":"ca_ES","og_type":"article","og_title":"Login - Palets y embalajes de madera a medida TIMGAD","og_url":"https:\/\/timgad.com\/ca\/login\/","og_site_name":"Palets y embalajes de madera a medida TIMGAD","article_modified_time":"2025-03-28T11:17:23+00:00","twitter_card":"summary_large_image","schema":{"@context":"https:\/\/schema.org","@graph":[{"@type":"WebPage","@id":"https:\/\/timgad.com\/ca\/login\/","url":"https:\/\/timgad.com\/ca\/login\/","name":"Login - Palets y embalajes de madera a medida TIMGAD","isPartOf":{"@id":"https:\/\/timgad.com\/ca\/#website"},"datePublished":"2025-03-04T10:51:08+00:00","dateModified":"2025-03-28T11:17:23+00:00","breadcrumb":{"@id":"https:\/\/timgad.com\/ca\/login\/#breadcrumb"},"inLanguage":"ca","potentialAction":[{"@type":"ReadAction","target":["https:\/\/timgad.com\/ca\/login\/"]}]},{"@type":"BreadcrumbList","@id":"https:\/\/timgad.com\/ca\/login\/#breadcrumb","itemListElement":[{"@type":"ListItem","position":1,"name":"Portada","item":"https:\/\/timgad.com\/ca\/"},{"@type":"ListItem","position":2,"name":"Login"}]},{"@type":"WebSite","@id":"https:\/\/timgad.com\/ca\/#website","url":"https:\/\/timgad.com\/ca\/","name":"Palets y embalajes de madera a medida TIMGAD","description":"Podemos asegurarle que en Timgad encontrar\u00e1 la soluci\u00f3n de equipamiento de palets y embalajes de madera que est\u00e1 buscando su empresa.","publisher":{"@id":"https:\/\/timgad.com\/ca\/#organization"},"potentialAction":[{"@type":"SearchAction","target":{"@type":"EntryPoint","urlTemplate":"https:\/\/timgad.com\/ca\/?s={search_term_string}"},"query-input":{"@type":"PropertyValueSpecification","valueRequired":true,"valueName":"search_term_string"}}],"inLanguage":"ca"},{"@type":"Organization","@id":"https:\/\/timgad.com\/ca\/#organization","name":"Timgad, S.A.","url":"https:\/\/timgad.com\/ca\/","logo":{"@type":"ImageObject","inLanguage":"ca","@id":"https:\/\/timgad.com\/ca\/#\/schema\/logo\/image\/","url":"https:\/\/timgad.com\/wp-content\/uploads\/35-anys-timgad-footer.webp","contentUrl":"https:\/\/timgad.com\/wp-content\/uploads\/35-anys-timgad-footer.webp","width":351,"height":115,"caption":"Timgad, S.A."},"image":{"@id":"https:\/\/timgad.com\/ca\/#\/schema\/logo\/image\/"}}]}},"_links":{"self":[{"href":"https:\/\/timgad.com\/ca\/wp-json\/wp\/v2\/pages\/5802","targetHints":{"allow":["GET"]}}],"collection":[{"href":"https:\/\/timgad.com\/ca\/wp-json\/wp\/v2\/pages"}],"about":[{"href":"https:\/\/timgad.com\/ca\/wp-json\/wp\/v2\/types\/page"}],"author":[{"embeddable":true,"href":"https:\/\/timgad.com\/ca\/wp-json\/wp\/v2\/users\/1"}],"replies":[{"embeddable":true,"href":"https:\/\/timgad.com\/ca\/wp-json\/wp\/v2\/comments?post=5802"}],"version-history":[{"count":1,"href":"https:\/\/timgad.com\/ca\/wp-json\/wp\/v2\/pages\/5802\/revisions"}],"predecessor-version":[{"id":5804,"href":"https:\/\/timgad.com\/ca\/wp-json\/wp\/v2\/pages\/5802\/revisions\/5804"}],"wp:attachment":[{"href":"https:\/\/timgad.com\/ca\/wp-json\/wp\/v2\/media?parent=5802"}],"curies":[{"name":"wp","href":"https:\/\/api.w.org\/{rel}","templated":true}]}}